{"id":595,"date":"2019-02-28T10:29:27","date_gmt":"2019-02-28T09:29:27","guid":{"rendered":"https:\/\/rfid-nfc-sicherheit.info\/?page_id=595"},"modified":"2021-01-12T11:22:12","modified_gmt":"2021-01-12T10:22:12","slug":"imprint","status":"publish","type":"page","link":"https:\/\/rfid-nfc-schutzprodukte.de\/en\/imprint\/","title":{"rendered":"Imprint"},"content":{"rendered":"<p class=\"p1\"><span class=\"s1\">Mitglied der Forschungsgruppe RFID NFC Sicherheit<br \/>\n<\/span><\/p>\n<p class=\"p2\">Diplom Informatiker<br \/>\nRahman Taifour<br \/>\nRodenbergstr. 29<br \/>\n10439 Berlin<\/p>\n<p class=\"p2\"><a href=\"mailto:kontakt@rfid-nfc-sicherheit.info\">kontakt@rfid-nfc-sicherheit.info<\/a><\/p>\n<p>Plattform der EU-Kommission zur Online-Streitbeilegung:\u00a0<a href=\"https:\/\/ec.europa.eu\/consumers\/odr\" rel=\"nofollow\">https:\/\/ec.europa.eu\/consumers\/odr<br \/>\n<\/a>Wir sind zur Teilnahme an einem Streitbeilegungsverfahren vor einer Verbraucherschlichtungsstelle weder verpflichtet noch bereit.<\/p>\n<p>Der Inhalt dieser Webseiten wurde mit gr\u00f6\u00dfter Sorgfalt erstellt und wird st\u00e4ndig aktualisiert. Es besteht jedoch keine Gew\u00e4hrleistung f\u00fcr die Richtigkeit und Vollst\u00e4ndigkeit der Inhalte. \u00c4nderungen vorbehalten.<\/p>\n<p>Sollten Sie der Meinung sein, dass mit einzelnen Inhalten Ihre Rechte verletzt werden, bitten wir Sie um kurze Mitteilung. Auch wir sind sehr an der Wahrung der Urheber- und sonstiger Rechte interessiert und werden\u00a0schnellst m\u00f6glich\u00a0auf Ihre Nachricht reagieren und die entsprechenden Inhalte\u00a0entfernen.<\/p>\n","protected":false},"excerpt":{"rendered":"<p>Mitglied der Forschungsgruppe RFID NFC Sicherheit Diplom Informatiker Rahman Taifour Rodenbergstr. 29 10439 Berlin kontakt@rfid-nfc-sicherheit.info Plattform der EU-Kommission zur Online-Streitbeilegung:\u00a0https:\/\/ec.europa.eu\/consumers\/odr Wir sind zur Teilnahme an&#8230;<\/p>\n<p class=\"readmore\"><a class=\"more-btn\" href=\"https:\/\/rfid-nfc-schutzprodukte.de\/en\/imprint\/\">Read More<\/a><\/p>\n","protected":false},"author":1,"featured_media":0,"parent":0,"menu_order":0,"comment_status":"closed","ping_status":"closed","template":"","meta":[],"_links":{"self":[{"href":"https:\/\/rfid-nfc-schutzprodukte.de\/en\/wp-json\/wp\/v2\/pages\/595"}],"collection":[{"href":"https:\/\/rfid-nfc-schutzprodukte.de\/en\/wp-json\/wp\/v2\/pages"}],"about":[{"href":"https:\/\/rfid-nfc-schutzprodukte.de\/en\/wp-json\/wp\/v2\/types\/page"}],"author":[{"embeddable":true,"href":"https:\/\/rfid-nfc-schutzprodukte.de\/en\/wp-json\/wp\/v2\/users\/1"}],"replies":[{"embeddable":true,"href":"https:\/\/rfid-nfc-schutzprodukte.de\/en\/wp-json\/wp\/v2\/comments?post=595"}],"version-history":[{"count":4,"href":"https:\/\/rfid-nfc-schutzprodukte.de\/en\/wp-json\/wp\/v2\/pages\/595\/revisions"}],"predecessor-version":[{"id":808,"href":"https:\/\/rfid-nfc-schutzprodukte.de\/en\/wp-json\/wp\/v2\/pages\/595\/revisions\/808"}],"wp:attachment":[{"href":"https:\/\/rfid-nfc-schutzprodukte.de\/en\/wp-json\/wp\/v2\/media?parent=595"}],"curies":[{"name":"wp","href":"https:\/\/api.w.org\/{rel}","templated":true}]}}